{"id":15,"date":"2024-12-10T17:26:03","date_gmt":"2024-12-10T20:26:03","guid":{"rendered":"https:\/\/menguante.cl\/?page_id=15"},"modified":"2024-12-14T15:40:04","modified_gmt":"2024-12-14T18:40:04","slug":"cambios","status":"publish","type":"page","link":"https:\/\/menguante.cl\/index.php\/cambios\/","title":{"rendered":"Cambios"},"content":{"rendered":"<p><strong>\u00a0 \u00a0 \u00a0 \u00a0 \u00a0 \u00a0 \u00a0 \u00a0 \u00a0 \u00a0 \u00a0 \u00a0 \u00a0 \u00a0 \u00a0 \u00a0 \u00a0 \u00a0 \u00a0 \u00a0 \u00a0 \u00a0 \u00a0 \u00a0 \u00a0 \u00a0 \u00a0 \u00a0 \u00a0 \u00a0 \u00a0 \u00a0 \u00a0 \u00a0 \u00a0 \u00a0 \u00a0 \u00a0 \u00a0 \u00a0 \u00a0 \u00a0POL\u00cdTICAS DE CAMBIOS Y DEVOLUCIONES<\/strong><\/p>\n<p>\u00a0<\/p>\n<p><strong>GARANT\u00cdA VOLUNTARIA<\/strong><\/p>\n<p>En Menguante ofrecemos una garant\u00eda voluntaria de 5 d\u00edas corridos desde la compra para cambios de talla o producto, siempre y cuando \u00e9ste se encuentre en perfecto estado.<\/p>\n<p>Se puede realizar v\u00e1lida la garant\u00eda voluntaria solamente con los productos que publicados en la web en la fecha que se solicito el cambio.<\/p>\n<p>Menguante tiene un plazo m\u00e1ximo de 15 d\u00edas h\u00e1biles para resolver un cambio desde la fecha que se solicit\u00f3.<\/p>\n<p>Los gastos del proceso de cambio son a cuenta del cliente.\u2028\u2028<\/p>\n<p>Los cambios y devoluciones se solicitan al mail hola@menguante.cl, adjuntando el n\u00famero de pedido.<\/p>\n<p><strong>GARANT\u00cdA LEGAL<\/strong><\/p>\n<p>Existe un plazo de 3 meses desde la compra para apelar a cambio o devoluci\u00f3n\u00a0 EN CASO EXCLUSIVO DE QUE \u00c9STE PRESENTE FALLAS DE F\u00c1BRICA (Fallas de tejido de telas o fallas de costuras)<\/p>\n<p>Si se evidencia que la falla es por mal uso y\/o maltrato y la falla no corresponde al proceso de fabricaci\u00f3n del producto, no podr\u00e1 ejercer dicha garant\u00eda.<\/p>\n<p>\u00a0<\/p>\n<p><strong>RETRACTO LEGAL\u00a0<\/strong><\/p>\n<p>Tal como establece el SERNAC, el Derecho a Retracto es optativo y Menguante disenos spa NO se adhiere a esta pol\u00edtica de devoluciones.<\/p>\n<p>\u00a0<\/p>\n<p><b>*******IMPORTANTE**********<\/b><\/p>\n<p><strong>*Los productos que se encuentran a precio rebajado no tienen derecho a cambios o devoluciones.<\/strong><\/p>\n<p>\u2028Si quieres cambiar tu producto por uno de mayor valor, deber\u00e1s pagar la diferencia de precio. Si quieres cambiarlo por uno de menor valor, no se realizar\u00e1 la devoluci\u00f3n del dinero de la diferencia de precio, sino que deber\u00e1s elegir productos adicionales, de manera de quedar sin saldo a favor.\u00a0<\/p>\n<p>Si tienes m\u00e1s dudas, puedes contactarnos en hola@menguante.cl e intentaremos responderte lo m\u00e1s pronto posible.<\/p>","protected":false},"excerpt":{"rendered":"<p>\u00a0 \u00a0 \u00a0 \u00a0 \u00a0 \u00a0 \u00a0 \u00a0 \u00a0 \u00a0 \u00a0 \u00a0 \u00a0 \u00a0 \u00a0 \u00a0 \u00a0 \u00a0 \u00a0 \u00a0 \u00a0 \u00a0 \u00a0 \u00a0 \u00a0 \u00a0 \u00a0 \u00a0 \u00a0 \u00a0&hellip;<\/p>\n","protected":false},"author":1,"featured_media":0,"parent":0,"menu_order":0,"comment_status":"closed","ping_status":"closed","template":"","meta":{"content-type":"","_lmt_disableupdate":"","_lmt_disable":"","footnotes":""},"class_list":["post-15","page","type-page","status-publish","hentry"],"_links":{"self":[{"href":"https:\/\/menguante.cl\/index.php\/wp-json\/wp\/v2\/pages\/15","targetHints":{"allow":["GET"]}}],"collection":[{"href":"https:\/\/menguante.cl\/index.php\/wp-json\/wp\/v2\/pages"}],"about":[{"href":"https:\/\/menguante.cl\/index.php\/wp-json\/wp\/v2\/types\/page"}],"author":[{"embeddable":true,"href":"https:\/\/menguante.cl\/index.php\/wp-json\/wp\/v2\/users\/1"}],"replies":[{"embeddable":true,"href":"https:\/\/menguante.cl\/index.php\/wp-json\/wp\/v2\/comments?post=15"}],"version-history":[{"count":13,"href":"https:\/\/menguante.cl\/index.php\/wp-json\/wp\/v2\/pages\/15\/revisions"}],"predecessor-version":[{"id":3071,"href":"https:\/\/menguante.cl\/index.php\/wp-json\/wp\/v2\/pages\/15\/revisions\/3071"}],"wp:attachment":[{"href":"https:\/\/menguante.cl\/index.php\/wp-json\/wp\/v2\/media?parent=15"}],"curies":[{"name":"wp","href":"https:\/\/api.w.org\/{rel}","templated":true}]}}